{"id":148,"date":"2022-08-04T20:06:35","date_gmt":"2022-08-04T20:06:35","guid":{"rendered":"https:\/\/dnd-crikvenica.hr\/?page_id=148"},"modified":"2022-08-26T12:09:22","modified_gmt":"2022-08-26T12:09:22","slug":"kontakt","status":"publish","type":"page","link":"https:\/\/dnd-crikvenica.hr\/?page_id=148","title":{"rendered":"Kontakt"},"content":{"rendered":"\t\t<div data-elementor-type=\"wp-page\" data-elementor-id=\"148\" class=\"elementor elementor-148\">\n\t\t\t\t\t\t<section class=\"elementor-section elementor-top-section elementor-element elementor-element-85094de elementor-section-boxed elementor-section-height-default elementor-section-height-default\" data-id=\"85094de\" data-element_type=\"section\" data-e-type=\"section\">\n\t\t\t\t\t\t<div class=\"elementor-container elementor-column-gap-default\">\n\t\t\t\t\t<div class=\"elementor-column elementor-col-100 elementor-top-column elementor-element elementor-element-47de66b\" data-id=\"47de66b\" data-element_type=\"column\" data-e-type=\"column\">\n\t\t\t<div class=\"elementor-widget-wrap elementor-element-populated\">\n\t\t\t\t\t\t<div class=\"elementor-element elementor-element-718b63e elementor-widget elementor-widget-heading\" data-id=\"718b63e\" data-element_type=\"widget\" data-e-type=\"widget\" data-widget_type=\"heading.default\">\n\t\t\t\t<div class=\"elementor-widget-container\">\n\t\t\t\t\t<h2 class=\"elementor-heading-title elementor-size-default\">Pi\u0161ite nam!<\/h2>\t\t\t\t<\/div>\n\t\t\t\t<\/div>\n\t\t\t\t<div class=\"elementor-element elementor-element-a60c736 elementor-widget elementor-widget-text-editor\" data-id=\"a60c736\" data-element_type=\"widget\" data-e-type=\"widget\" data-widget_type=\"text-editor.default\">\n\t\t\t\t<div class=\"elementor-widget-container\">\n\t\t\t\t\t\t\t\t\t<p>Imate li pitanja, ideje ili \u017eelju za suradnjom? Javite nam se slobodno.<\/p>\t\t\t\t\t\t\t\t<\/div>\n\t\t\t\t<\/div>\n\t\t\t\t<div class=\"elementor-element elementor-element-05deb88 elementor-button-align-start elementor-widget elementor-widget-form\" data-id=\"05deb88\" data-element_type=\"widget\" data-e-type=\"widget\" data-settings=\"{&quot;step_next_label&quot;:&quot;Next&quot;,&quot;step_previous_label&quot;:&quot;Previous&quot;,&quot;button_width&quot;:&quot;100&quot;,&quot;step_type&quot;:&quot;number_text&quot;,&quot;step_icon_shape&quot;:&quot;circle&quot;}\" data-widget_type=\"form.default\">\n\t\t\t\t<div class=\"elementor-widget-container\">\n\t\t\t\t\t\t\t<form class=\"elementor-form\" method=\"post\" name=\"Kontakt\">\n\t\t\t<input type=\"hidden\" name=\"post_id\" value=\"148\"\/>\n\t\t\t<input type=\"hidden\" name=\"form_id\" value=\"05deb88\"\/>\n\t\t\t<input type=\"hidden\" name=\"referer_title\" value=\"Dru\u0161tvo Na\u0161a Djeca Grada Crikvenice\" \/>\n\n\t\t\t\n\t\t\t<div class=\"elementor-form-fields-wrapper elementor-labels-above\">\n\t\t\t\t\t\t\t\t<div class=\"elementor-field-type-text elementor-field-group elementor-column elementor-field-group-name elementor-col-100\">\n\t\t\t\t\t\t\t\t\t\t\t\t<label for=\"form-field-name\" class=\"elementor-field-label\">\n\t\t\t\t\t\t\t\tIme i prezime\t\t\t\t\t\t\t<\/label>\n\t\t\t\t\t\t\t\t\t\t\t\t\t\t<input size=\"1\" type=\"text\" name=\"form_fields[name]\" id=\"form-field-name\" class=\"elementor-field elementor-size-sm  elementor-field-textual\">\n\t\t\t\t\t\t\t\t\t\t\t<\/div>\n\t\t\t\t\t\t\t\t<div class=\"elementor-field-type-email elementor-field-group elementor-column elementor-field-group-email elementor-col-100 elementor-field-required\">\n\t\t\t\t\t\t\t\t\t\t\t\t<label for=\"form-field-email\" class=\"elementor-field-label\">\n\t\t\t\t\t\t\t\tEmail\t\t\t\t\t\t\t<\/label>\n\t\t\t\t\t\t\t\t\t\t\t\t\t\t<input size=\"1\" type=\"email\" name=\"form_fields[email]\" id=\"form-field-email\" class=\"elementor-field elementor-size-sm  elementor-field-textual\" required=\"required\" aria-required=\"true\">\n\t\t\t\t\t\t\t\t\t\t\t<\/div>\n\t\t\t\t\t\t\t\t<div class=\"elementor-field-type-textarea elementor-field-group elementor-column elementor-field-group-message elementor-col-100 elementor-field-required\">\n\t\t\t\t\t\t\t\t\t\t\t\t<label for=\"form-field-message\" class=\"elementor-field-label\">\n\t\t\t\t\t\t\t\tPoruka\t\t\t\t\t\t\t<\/label>\n\t\t\t\t\t\t<textarea class=\"elementor-field-textual elementor-field  elementor-size-sm\" name=\"form_fields[message]\" id=\"form-field-message\" rows=\"4\" required=\"required\" aria-required=\"true\"><\/textarea>\t\t\t\t<\/div>\n\t\t\t\t\t\t\t\t<div class=\"elementor-field-group elementor-column elementor-field-type-submit elementor-col-100 e-form__buttons\">\n\t\t\t\t\t<button type=\"submit\" class=\"elementor-button elementor-size-md\">\n\t\t\t\t\t\t<span >\n\t\t\t\t\t\t\t\t\t\t\t\t\t\t\t<span class=\" elementor-button-icon\">\n\t\t\t\t\t\t\t\t\t\t\t\t\t\t\t\t\t\t\t\t\t\t\t\t\t\t<\/span>\n\t\t\t\t\t\t\t\t\t\t\t\t\t\t\t\t\t\t\t\t\t\t<span class=\"elementor-button-text\">Po\u0161alji<\/span>\n\t\t\t\t\t\t\t\t\t\t\t\t\t<\/span>\n\t\t\t\t\t<\/button>\n\t\t\t\t<\/div>\n\t\t\t<\/div>\n\t\t<\/form>\n\t\t\t\t\t\t<\/div>\n\t\t\t\t<\/div>\n\t\t\t\t\t<\/div>\n\t\t<\/div>\n\t\t\t\t\t<\/div>\n\t\t<\/section>\n\t\t\t\t<section class=\"elementor-section elementor-top-section elementor-element elementor-element-5b18c0e elementor-section-boxed elementor-section-height-default elementor-section-height-default\" data-id=\"5b18c0e\" data-element_type=\"section\" data-e-type=\"section\">\n\t\t\t\t\t\t<div class=\"elementor-container elementor-column-gap-default\">\n\t\t\t\t\t<div class=\"elementor-column elementor-col-100 elementor-top-column elementor-element elementor-element-22d94a9\" data-id=\"22d94a9\" data-element_type=\"column\" data-e-type=\"column\">\n\t\t\t<div class=\"elementor-widget-wrap elementor-element-populated\">\n\t\t\t\t\t\t<div class=\"elementor-element elementor-element-e378a8c elementor-widget elementor-widget-spacer\" data-id=\"e378a8c\" data-element_type=\"widget\" data-e-type=\"widget\" data-widget_type=\"spacer.default\">\n\t\t\t\t<div class=\"elementor-widget-container\">\n\t\t\t\t\t\t\t<div class=\"elementor-spacer\">\n\t\t\t<div class=\"elementor-spacer-inner\"><\/div>\n\t\t<\/div>\n\t\t\t\t\t\t<\/div>\n\t\t\t\t<\/div>\n\t\t\t\t<div class=\"elementor-element elementor-element-2bbedff elementor-widget elementor-widget-google_maps\" data-id=\"2bbedff\" data-element_type=\"widget\" data-e-type=\"widget\" data-widget_type=\"google_maps.default\">\n\t\t\t\t<div class=\"elementor-widget-container\">\n\t\t\t\t\t\t\t<div class=\"elementor-custom-embed\">\n\t\t\t<iframe loading=\"lazy\"\n\t\t\t\t\tsrc=\"https:\/\/maps.google.com\/maps?q=Kralja%20Tomislava%2085A%2C%20Crikvenica&#038;t=m&#038;z=15&#038;output=embed&#038;iwloc=near\"\n\t\t\t\t\ttitle=\"Kralja Tomislava 85A, Crikvenica\"\n\t\t\t\t\taria-label=\"Kralja Tomislava 85A, Crikvenica\"\n\t\t\t><\/iframe>\n\t\t<\/div>\n\t\t\t\t\t\t<\/div>\n\t\t\t\t<\/div>\n\t\t\t\t\t<\/div>\n\t\t<\/div>\n\t\t\t\t\t<\/div>\n\t\t<\/section>\n\t\t\t\t<section class=\"elementor-section elementor-top-section elementor-element elementor-element-0b7b4fe elementor-section-boxed elementor-section-height-default elementor-section-height-default\" data-id=\"0b7b4fe\" data-element_type=\"section\" data-e-type=\"section\">\n\t\t\t\t\t\t<div class=\"elementor-container elementor-column-gap-default\">\n\t\t\t\t\t<div class=\"elementor-column elementor-col-100 elementor-top-column elementor-element elementor-element-a49bbb4\" data-id=\"a49bbb4\" data-element_type=\"column\" data-e-type=\"column\">\n\t\t\t<div class=\"elementor-widget-wrap elementor-element-populated\">\n\t\t\t\t\t\t<div class=\"elementor-element elementor-element-2179ff1 elementor-widget elementor-widget-spacer\" data-id=\"2179ff1\" data-element_type=\"widget\" data-e-type=\"widget\" data-widget_type=\"spacer.default\">\n\t\t\t\t<div class=\"elementor-widget-container\">\n\t\t\t\t\t\t\t<div class=\"elementor-spacer\">\n\t\t\t<div class=\"elementor-spacer-inner\"><\/div>\n\t\t<\/div>\n\t\t\t\t\t\t<\/div>\n\t\t\t\t<\/div>\n\t\t\t\t\t<\/div>\n\t\t<\/div>\n\t\t\t\t\t<\/div>\n\t\t<\/section>\n\t\t\t\t<\/div>\n\t\t","protected":false},"excerpt":{"rendered":"<p>Pi\u0161ite nam! Imate li pitanja, ideje ili \u017eelju za suradnjom? Javite nam se slobodno.<\/p>\n","protected":false},"author":1,"featured_media":0,"parent":0,"menu_order":0,"comment_status":"closed","ping_status":"closed","template":"","meta":{"footnotes":""},"class_list":["post-148","page","type-page","status-publish","hentry"],"yoast_head":"<!-- This site is optimized with the Yoast SEO plugin v27.4 - https:\/\/yoast.com\/product\/yoast-seo-wordpress\/ -->\n<title>Kontakt - Dru\u0161tvo Na\u0161a Djeca Grada Crikvenice<\/title>\n<meta name=\"robots\" content=\"index, follow, max-snippet:-1, max-image-preview:large, max-video-preview:-1\" \/>\n<link rel=\"canonical\" href=\"https:\/\/dnd-crikvenica.hr\/?page_id=148\" \/>\n<meta property=\"og:locale\" content=\"hr_HR\" \/>\n<meta property=\"og:type\" content=\"article\" \/>\n<meta property=\"og:title\" content=\"Kontakt - Dru\u0161tvo Na\u0161a Djeca Grada Crikvenice\" \/>\n<meta property=\"og:description\" content=\"Pi\u0161ite nam! Imate li pitanja, ideje ili \u017eelju za suradnjom? Javite nam se slobodno.\" \/>\n<meta property=\"og:url\" content=\"https:\/\/dnd-crikvenica.hr\/?page_id=148\" \/>\n<meta property=\"og:site_name\" content=\"Dru\u0161tvo Na\u0161a Djeca Grada Crikvenice\" \/>\n<meta property=\"article:modified_time\" content=\"2022-08-26T12:09:22+00:00\" \/>\n<meta name=\"twitter:card\" content=\"summary_large_image\" \/>\n<meta name=\"twitter:label1\" content=\"Procijenjeno vrijeme \u010ditanja\" \/>\n\t<meta name=\"twitter:data1\" content=\"1 minuta\" \/>\n<script type=\"application\/ld+json\" class=\"yoast-schema-graph\">{\"@context\":\"https:\\\/\\\/schema.org\",\"@graph\":[{\"@type\":\"WebPage\",\"@id\":\"https:\\\/\\\/dnd-crikvenica.hr\\\/?page_id=148\",\"url\":\"https:\\\/\\\/dnd-crikvenica.hr\\\/?page_id=148\",\"name\":\"Kontakt - Dru\u0161tvo Na\u0161a Djeca Grada Crikvenice\",\"isPartOf\":{\"@id\":\"https:\\\/\\\/dnd-crikvenica.hr\\\/#website\"},\"datePublished\":\"2022-08-04T20:06:35+00:00\",\"dateModified\":\"2022-08-26T12:09:22+00:00\",\"breadcrumb\":{\"@id\":\"https:\\\/\\\/dnd-crikvenica.hr\\\/?page_id=148#breadcrumb\"},\"inLanguage\":\"hr\",\"potentialAction\":[{\"@type\":\"ReadAction\",\"target\":[\"https:\\\/\\\/dnd-crikvenica.hr\\\/?page_id=148\"]}]},{\"@type\":\"BreadcrumbList\",\"@id\":\"https:\\\/\\\/dnd-crikvenica.hr\\\/?page_id=148#breadcrumb\",\"itemListElement\":[{\"@type\":\"ListItem\",\"position\":1,\"name\":\"Po\u010detna stranica\",\"item\":\"https:\\\/\\\/dnd-crikvenica.hr\\\/\"},{\"@type\":\"ListItem\",\"position\":2,\"name\":\"Kontakt\"}]},{\"@type\":\"WebSite\",\"@id\":\"https:\\\/\\\/dnd-crikvenica.hr\\\/#website\",\"url\":\"https:\\\/\\\/dnd-crikvenica.hr\\\/\",\"name\":\"Dru\u0161tvo Na\u0161a Djeca Grada Crikvenice\",\"description\":\"Sretno dijete u kreativnoj zajednici\",\"publisher\":{\"@id\":\"https:\\\/\\\/dnd-crikvenica.hr\\\/#organization\"},\"potentialAction\":[{\"@type\":\"SearchAction\",\"target\":{\"@type\":\"EntryPoint\",\"urlTemplate\":\"https:\\\/\\\/dnd-crikvenica.hr\\\/?s={search_term_string}\"},\"query-input\":{\"@type\":\"PropertyValueSpecification\",\"valueRequired\":true,\"valueName\":\"search_term_string\"}}],\"inLanguage\":\"hr\"},{\"@type\":\"Organization\",\"@id\":\"https:\\\/\\\/dnd-crikvenica.hr\\\/#organization\",\"name\":\"Dru\u0161tvo Na\u0161a Djeca Grada Crikvenice\",\"url\":\"https:\\\/\\\/dnd-crikvenica.hr\\\/\",\"logo\":{\"@type\":\"ImageObject\",\"inLanguage\":\"hr\",\"@id\":\"https:\\\/\\\/dnd-crikvenica.hr\\\/#\\\/schema\\\/logo\\\/image\\\/\",\"url\":\"https:\\\/\\\/dnd-crikvenica.hr\\\/wp-content\\\/uploads\\\/2022\\\/08\\\/cropped-Pecat-Udruge-1.png\",\"contentUrl\":\"https:\\\/\\\/dnd-crikvenica.hr\\\/wp-content\\\/uploads\\\/2022\\\/08\\\/cropped-Pecat-Udruge-1.png\",\"width\":1500,\"height\":1401,\"caption\":\"Dru\u0161tvo Na\u0161a Djeca Grada Crikvenice\"},\"image\":{\"@id\":\"https:\\\/\\\/dnd-crikvenica.hr\\\/#\\\/schema\\\/logo\\\/image\\\/\"}}]}<\/script>\n<!-- \/ Yoast SEO plugin. -->","yoast_head_json":{"title":"Kontakt - Dru\u0161tvo Na\u0161a Djeca Grada Crikvenice","robots":{"index":"index","follow":"follow","max-snippet":"max-snippet:-1","max-image-preview":"max-image-preview:large","max-video-preview":"max-video-preview:-1"},"canonical":"https:\/\/dnd-crikvenica.hr\/?page_id=148","og_locale":"hr_HR","og_type":"article","og_title":"Kontakt - Dru\u0161tvo Na\u0161a Djeca Grada Crikvenice","og_description":"Pi\u0161ite nam! Imate li pitanja, ideje ili \u017eelju za suradnjom? Javite nam se slobodno.","og_url":"https:\/\/dnd-crikvenica.hr\/?page_id=148","og_site_name":"Dru\u0161tvo Na\u0161a Djeca Grada Crikvenice","article_modified_time":"2022-08-26T12:09:22+00:00","twitter_card":"summary_large_image","twitter_misc":{"Procijenjeno vrijeme \u010ditanja":"1 minuta"},"schema":{"@context":"https:\/\/schema.org","@graph":[{"@type":"WebPage","@id":"https:\/\/dnd-crikvenica.hr\/?page_id=148","url":"https:\/\/dnd-crikvenica.hr\/?page_id=148","name":"Kontakt - Dru\u0161tvo Na\u0161a Djeca Grada Crikvenice","isPartOf":{"@id":"https:\/\/dnd-crikvenica.hr\/#website"},"datePublished":"2022-08-04T20:06:35+00:00","dateModified":"2022-08-26T12:09:22+00:00","breadcrumb":{"@id":"https:\/\/dnd-crikvenica.hr\/?page_id=148#breadcrumb"},"inLanguage":"hr","potentialAction":[{"@type":"ReadAction","target":["https:\/\/dnd-crikvenica.hr\/?page_id=148"]}]},{"@type":"BreadcrumbList","@id":"https:\/\/dnd-crikvenica.hr\/?page_id=148#breadcrumb","itemListElement":[{"@type":"ListItem","position":1,"name":"Po\u010detna stranica","item":"https:\/\/dnd-crikvenica.hr\/"},{"@type":"ListItem","position":2,"name":"Kontakt"}]},{"@type":"WebSite","@id":"https:\/\/dnd-crikvenica.hr\/#website","url":"https:\/\/dnd-crikvenica.hr\/","name":"Dru\u0161tvo Na\u0161a Djeca Grada Crikvenice","description":"Sretno dijete u kreativnoj zajednici","publisher":{"@id":"https:\/\/dnd-crikvenica.hr\/#organization"},"potentialAction":[{"@type":"SearchAction","target":{"@type":"EntryPoint","urlTemplate":"https:\/\/dnd-crikvenica.hr\/?s={search_term_string}"},"query-input":{"@type":"PropertyValueSpecification","valueRequired":true,"valueName":"search_term_string"}}],"inLanguage":"hr"},{"@type":"Organization","@id":"https:\/\/dnd-crikvenica.hr\/#organization","name":"Dru\u0161tvo Na\u0161a Djeca Grada Crikvenice","url":"https:\/\/dnd-crikvenica.hr\/","logo":{"@type":"ImageObject","inLanguage":"hr","@id":"https:\/\/dnd-crikvenica.hr\/#\/schema\/logo\/image\/","url":"https:\/\/dnd-crikvenica.hr\/wp-content\/uploads\/2022\/08\/cropped-Pecat-Udruge-1.png","contentUrl":"https:\/\/dnd-crikvenica.hr\/wp-content\/uploads\/2022\/08\/cropped-Pecat-Udruge-1.png","width":1500,"height":1401,"caption":"Dru\u0161tvo Na\u0161a Djeca Grada Crikvenice"},"image":{"@id":"https:\/\/dnd-crikvenica.hr\/#\/schema\/logo\/image\/"}}]}},"_links":{"self":[{"href":"https:\/\/dnd-crikvenica.hr\/index.php?rest_route=\/wp\/v2\/pages\/148","targetHints":{"allow":["GET"]}}],"collection":[{"href":"https:\/\/dnd-crikvenica.hr\/index.php?rest_route=\/wp\/v2\/pages"}],"about":[{"href":"https:\/\/dnd-crikvenica.hr\/index.php?rest_route=\/wp\/v2\/types\/page"}],"author":[{"embeddable":true,"href":"https:\/\/dnd-crikvenica.hr\/index.php?rest_route=\/wp\/v2\/users\/1"}],"replies":[{"embeddable":true,"href":"https:\/\/dnd-crikvenica.hr\/index.php?rest_route=%2Fwp%2Fv2%2Fcomments&post=148"}],"version-history":[{"count":73,"href":"https:\/\/dnd-crikvenica.hr\/index.php?rest_route=\/wp\/v2\/pages\/148\/revisions"}],"predecessor-version":[{"id":715,"href":"https:\/\/dnd-crikvenica.hr\/index.php?rest_route=\/wp\/v2\/pages\/148\/revisions\/715"}],"wp:attachment":[{"href":"https:\/\/dnd-crikvenica.hr\/index.php?rest_route=%2Fwp%2Fv2%2Fmedia&parent=148"}],"curies":[{"name":"wp","href":"https:\/\/api.w.org\/{rel}","templated":true}]}}